{"id":2825,"date":"2018-08-30T14:50:47","date_gmt":"2018-08-30T14:50:47","guid":{"rendered":"https:\/\/mx.dev-smartkiss.net\/politica-de-privacidade\/"},"modified":"2022-12-07T16:33:34","modified_gmt":"2022-12-07T16:33:34","slug":"politica-de-privacidad","status":"publish","type":"page","link":"https:\/\/www.mxconsulting.pt\/es\/politica-de-privacidad\/","title":{"rendered":"Pol\u00edtica de Privacidad"},"content":{"rendered":"<p>MX Consulting garantiza que todos sus datos ser\u00e1n procesados \u200b\u200bde acuerdo con los est\u00e1ndares relevantes de la Comunidad Europea. El prop\u00f3sito de nuestra pol\u00edtica de privacidad es describir exhaustivamente los diversos tipos de informaci\u00f3n recopilada durante su interacci\u00f3n con el sitio web y explicar c\u00f3mo usamos esa informaci\u00f3n.<\/p>\n<h4> Informaci\u00f3n recopilada <\/h4>\n<p>Al usar nuestro sitio web, el usuario puede transmitir varios datos personales, como nombre, correo electr\u00f3nico, n\u00famero de tel\u00e9fono y \/ o tel\u00e9fono m\u00f3vil, entre otros. La comunicaci\u00f3n de estos datos es opcional y es responsabilidad exclusiva del usuario.<\/p>\n<p>Recopilamos informaci\u00f3n sobre usted cuando realiza una solicitud de contacto para un servicio, cuando llama o cuando se suscribe a nuestro bolet\u00edn mensual.<\/p>\n<p>Los datos personales recopilados son los necesarios para el prop\u00f3sito por el cual nos contact\u00f3, tratando en este contexto datos tales como nombre, direcci\u00f3n, n\u00famero de tel\u00e9fono, direcci\u00f3n de correo electr\u00f3nico, asunto, NIF (en el caso de una transacci\u00f3n comercial) y El documento de identificaci\u00f3n (en el caso de ejercer un derecho). Al hacer que sus datos personales est\u00e9n disponibles, autoriza la recopilaci\u00f3n, el uso y la divulgaci\u00f3n de los mismos de acuerdo con las reglas definidas aqu\u00ed.<\/p>\n<p>Le pedimos que no env\u00ede ni comparta con MX Consulting ninguna informaci\u00f3n personal confidencial, como origen racial o \u00e9tnico, opiniones pol\u00edticas, creencias religiosas o filos\u00f3ficas, o afiliaci\u00f3n sindical, as\u00ed como datos gen\u00e9ticos, datos biom\u00e9tricos, datos de salud. o datos relacionados con la vida sexual u orientaci\u00f3n sexual.<\/p>\n<p>En cada acceso a nuestro sitio web y sus contenidos, los datos de acceso se registran adicionalmente en forma de protocolo. Cada registro puede incluir los siguientes datos:<\/p>\n<ul>\n<li> El sitio web desde el cual se consulta nuestra p\u00e1gina; <\/li>\n<li> La direcci\u00f3n IP; <\/li>\n<li> La fecha \/ hora de acceso; <\/li>\n<li> El pedido del cliente; <\/li>\n<li> El c\u00f3digo de respuesta http; <\/li>\n<li> La cantidad de datos transmitidos; <\/li>\n<li> Informaci\u00f3n sobre el navegador y el sistema operativo utilizado. <\/li>\n<\/ul>\n<p>La informaci\u00f3n recopilada se utilizar\u00e1 para que su visita a nuestro sitio web sea lo m\u00e1s productiva y agradable posible. La garant\u00eda de confidencialidad de los datos personales de los usuarios de nuestro sitio web es importante para MX Consulting.<\/p>\n<p>La informaci\u00f3n relacionada con clientes, miembros, suscriptores o visitantes que utilizan el sitio web www.jtmsa.com se tratar\u00e1 de conformidad con el Reglamento general de protecci\u00f3n de datos de 25 de mayo de 2018, que reemplaz\u00f3 la Ley de protecci\u00f3n de datos de 26 de octubre 1998 (Ley N \u00b0 67\/98).<\/p>\n<h4> C\u00f3mo usamos su informaci\u00f3n <\/h4>\n<p>Los datos recopilados en nuestro sitio web se utilizan para procesar su solicitud y, si est\u00e1 de acuerdo, enviarle informaci\u00f3n por correo electr\u00f3nico sobre art\u00edculos sobre marketing, productos y servicios que creemos son de su inter\u00e9s.<\/p>\n<p>Utilizamos la informaci\u00f3n recopilada del sitio web para personalizar sus pr\u00f3ximas visitas a nuestro sitio web.<\/p>\n<p>MX Consulting no comparte su informaci\u00f3n para campa\u00f1as de marketing con empresas externas ni transfiere sus Datos personales a un tercer pa\u00eds.<\/p>\n<p>Tiene derecho a presentar una queja ante una Autoridad de Supervisi\u00f3n de la Uni\u00f3n Europea con respecto a la protecci\u00f3n de sus Datos personales. MX Consulting colaborar\u00e1 con la Autoridad de Supervisi\u00f3n, proporcionando toda la informaci\u00f3n solicitada por ella, en el ejercicio de sus poderes.<\/p>\n<p>Como titular de sus datos personales, tiene derecho a acceder, rectificar, eliminar (derecho a ser olvidado), restringir el tratamiento y la portabilidad y oponerse al tratamiento de datos personales, de conformidad con el Reglamento General de Protecci\u00f3n de Datos.<\/p>\n<p>Si desea ejercer sus derechos, debe comunicarse con nosotros, por escrito, por correo electr\u00f3nico o postal a la direcci\u00f3n de la sede. Para garantizar su protecci\u00f3n, se puede requerir prueba de su identidad.<\/p>\n<h4> Cookies <\/h4>\n<p>Las cookies se utilizan para almacenar informaci\u00f3n, como sus preferencias cuando visita nuestro sitio web. Una cookie es una cadena de informaci\u00f3n textual que un sitio web transfiere al archivo de cookies del navegador en el disco duro de su computadora, permitiendo que el sitio web recuerde qui\u00e9n es usted. Las cookies ayudan a un sitio web a organizar el contenido para satisfacer sus intereses m\u00e1s r\u00e1pidamente: la mayor\u00eda de los sitios web principales usan cookies. Las cookies por s\u00ed solas no pueden usarse para identificarlo.<\/p>\n<p>Sin embargo, esto puede cambiar de alguna manera la forma en que interact\u00faa con nuestro sitio web u otros sitios web. Estas acciones pueden afectar o no permitirle iniciar sesi\u00f3n en software, sitios web nuestros y otras redes.<\/p>\n<ul>\n<li> Cookies propias: una cookie administrada por este dominio \/ sitio web. <\/li>\n<li> Cookies de terceros: una cookie administrada por otro dominio \/ sitio web. <\/li>\n<li> Cookies persistentes: la informaci\u00f3n de las cookies se almacena permanentemente en su dispositivo. <\/li>\n<li> Cookies de sesi\u00f3n: la informaci\u00f3n de cookies no se almacena permanentemente en su dispositivo. <\/li>\n<\/ul>\n<p>MX Consulting utiliza cookies de sesi\u00f3n (\u00abcookies de sesi\u00f3n\u00bb) y cookies propias (\u00abcookies de origen\u00bb), as\u00ed como cookies persistentes (\u00abcookies persistentes\u00bb) y cookies de terceros (\u00abcookies de terceros\u00bb).<\/p>\n<p>Tipos de cookies seg\u00fan la finalidad de uso:<\/p>\n<ul>\n<li> Cookies t\u00e9cnicas: son aquellas que le permiten navegar a trav\u00e9s de un dominio \/ sitio web, utilizando diferentes opciones o servicios como, por ejemplo, identificar la sesi\u00f3n, acceder a \u00e1reas de acceso restringido y llevar a cabo el proceso de pedido de compra. < \/ li>\n<li> Cookies de personalizaci\u00f3n: aquellas que permiten el acceso al dominio \/ sitio web con algunas caracter\u00edsticas predefinidas en funci\u00f3n de un conjunto de decisiones tomadas, como el idioma utilizado. <\/li>\n<li> Cookies de an\u00e1lisis: son aquellas que permiten el seguimiento y an\u00e1lisis del comportamiento de los usuarios de los sitios web a los que est\u00e1n vinculados. La informaci\u00f3n recopilada a trav\u00e9s de dichas cookies se utiliza, por ejemplo, para medir la actividad de los sitios web y para crear perfiles de navegaci\u00f3n. <\/li>\n<li> Cookies publicitarias: son aquellas que permiten la gesti\u00f3n m\u00e1s eficiente de los espacios publicitarios seg\u00fan criterios como el contenido editado o la frecuencia con la que se muestran los anuncios. <\/li>\n<li> Cookies de publicidad comportamental: son aquellas que permiten la gesti\u00f3n de espacios publicitarios de la manera m\u00e1s eficiente posible. Estas cookies almacenan informaci\u00f3n sobre el comportamiento del usuario, obtenida a trav\u00e9s de la observaci\u00f3n continua de sus h\u00e1bitos de navegaci\u00f3n, lo que le permite desarrollar un perfil espec\u00edfico para mostrar anuncios basados \u200b\u200ben esto. <\/li>\n<\/ul>\n<p>MX Consulting utiliza cookies t\u00e9cnicas, cookies de personalizaci\u00f3n y cookies de an\u00e1lisis; no utiliza cookies publicitarias o cookies de publicidad conductual.<\/p>\n<p>El propietario del sitio web controla y accede a la informaci\u00f3n relacionada con las cookies.<\/p>\n<table>\n<thead>\n<tr>\n<th> Nombre de la cookie <\/th>\n<th> Prop\u00f3sito <\/th>\n<th> Duraci\u00f3n <\/th>\n<th> Dominio <\/th>\n<th> Me gusta <\/th>\n<\/tr>\n<\/thead>\n<p><cuerpo><\/p>\n<tr>\n<td> _ga <\/td>\n<td> Cookie utilizada por el software Google Analytics para distinguir usuarios \u00fanicos para recopilar datos b\u00e1sicos sobre ellos y el sitio web. <\/td>\n<td> 2 a\u00f1os <\/td>\n<td> www.mxconsulting.pt <\/td>\n<td> An\u00e1lisis <\/td>\n<\/tr>\n<tr>\n<td> _gat <\/td>\n<td> Cookie utilizada por el software Google Analytics para limitar el n\u00famero de solicitudes a un sitio web; para limitar la recopilaci\u00f3n de datos. <\/td>\n<td> 10 minutos <\/td>\n<td> www.mxconsulting.pt <\/td>\n<td> Rendimiento <\/td>\n<\/tr>\n<tr>\n<td> _gid <\/td>\n<td> Nueva cookie de primavera de 2017, utilizada por la aplicaci\u00f3n Google Analytics para almacenar un valor especial para cada p\u00e1gina visitada dentro de un sitio web. <\/td>\n<td> 24 horas <\/td>\n<td> www.mxconsulting.pt <\/td>\n<td> An\u00e1lisis <\/td>\n<\/tr>\n<tr>\n<td> __cfduid <\/td>\n<td> Cookie utilizada por Cloudflare para identificar clientes individuales que usan IP compartidas y aplicar m\u00e9todos de seguridad a cada uno. <\/td>\n<td> 1 a\u00f1o <\/td>\n<td> addtoany.com \/ jquery.com <\/td>\n<td> Seguridad <\/td>\n<\/tr>\n<tr>\n<td> uvc <\/td>\n<td> Cookie utilizada por el servicio Agregar a cualquier. Sirve para contar las veces que el servicio encuentra al usuario en el mismo sitio web. <\/td>\n<td> 1 mes <\/td>\n<td> addtoany.com <\/td>\n<td> An\u00e1lisis <\/td>\n<\/tr>\n<\/tbody>\n<\/table>\n<p>Adem\u00e1s de las cookies, algunas de nuestras p\u00e1ginas web y mensajes HTML incorporan \u00abetiquetas de p\u00edxeles\u00bb (marcadores) que nos permiten seguir los pasos de los usuarios en nuestros sitios y los destinatarios de nuestras comunicaciones. Estos marcadores se utilizan para recopilar datos, informaci\u00f3n no identificable personalmente y otra informaci\u00f3n que se puede utilizar para mejorar los servicios que ofrecemos a quienes nos visitan.<\/p>\n<h4> Enlaces a sitios web de terceros <\/h4>\n<p>MX Consulting tiene enlaces externos a otros sitios, que pueden contener informaci\u00f3n \u00fatil o herramientas para los visitantes. La pol\u00edtica de privacidad de www.jtmsa.com no se aplica a sitios de terceros, por lo tanto, cuando visite estos sitios nuestros, debe leer sus pol\u00edticas de privacidad. No somos responsables de las pol\u00edticas de privacidad o el contenido presente en esos mismos sitios.<\/p>\n<h4> Campa\u00f1as y marketing <\/h4>\n<p>MX Consulting utiliza el marketing por correo electr\u00f3nico para comunicarse con sus clientes y clientes potenciales con frecuencia. Todas las campa\u00f1as creadas por nosotros son \u00abopcionales\u00bb, lo que significa que no se enviar\u00e1 ning\u00fan correo electr\u00f3nico a menos que el usuario haya confirmado su inter\u00e9s en recibir este tipo de comunicaci\u00f3n.<\/p>\n<h4> Actualizaci\u00f3n de la Pol\u00edtica de privacidad <\/h4>\n<p>Nuestras pol\u00edticas de privacidad se revisan peri\u00f3dicamente y cualquier cambio se publicar\u00e1 en este sitio web. Si tiene alguna pregunta sobre nuestra Pol\u00edtica de privacidad, no dude en contactarnos.<\/p>\n","protected":false},"excerpt":{"rendered":"<p class=\"post-excerpt\">MX Consulting garantiza que todos sus datos ser\u00e1n procesados \u200b\u200bde acuerdo con los est\u00e1ndares relevantes&#8230;<\/p>\n","protected":false},"author":5,"featured_media":2230,"parent":0,"menu_order":0,"comment_status":"closed","ping_status":"closed","template":"","meta":{"_acf_changed":false,"footnotes":""},"class_list":["page","type-page","has-post-thumbnail"],"acf":[],"yoast_head":"<!-- This site is optimized with the Yoast SEO plugin v26.1.1 - https:\/\/yoast.com\/wordpress\/plugins\/seo\/ -->\n<title>Pol\u00edtica de Privacidad - MX Consulting<\/title>\n<meta name=\"robots\" content=\"index, follow, max-snippet:-1, max-image-preview:large, max-video-preview:-1\" \/>\n<link rel=\"canonical\" href=\"https:\/\/www.mxconsulting.pt\/es\/politica-de-privacidad\/\" \/>\n<meta property=\"og:locale\" content=\"es_ES\" \/>\n<meta property=\"og:type\" content=\"article\" \/>\n<meta property=\"og:title\" content=\"Pol\u00edtica de Privacidad - MX Consulting\" \/>\n<meta property=\"og:description\" content=\"MX Consulting garantiza que todos sus datos ser\u00e1n procesados \u200b\u200bde acuerdo con los est\u00e1ndares relevantes...\" \/>\n<meta property=\"og:url\" content=\"https:\/\/www.mxconsulting.pt\/es\/politica-de-privacidad\/\" \/>\n<meta property=\"og:site_name\" content=\"MX Consulting\" \/>\n<meta property=\"article:modified_time\" content=\"2022-12-07T16:33:34+00:00\" \/>\n<meta property=\"og:image\" content=\"https:\/\/www.mxconsulting.pt\/wp-content\/uploads\/plano-de-fundo-2-900x600.png\" \/>\n\t<meta property=\"og:image:width\" content=\"900\" \/>\n\t<meta property=\"og:image:height\" content=\"600\" \/>\n\t<meta property=\"og:image:type\" content=\"image\/png\" \/>\n<meta name=\"twitter:card\" content=\"summary_large_image\" \/>\n<meta name=\"twitter:label1\" content=\"Tiempo de lectura\" \/>\n\t<meta name=\"twitter:data1\" content=\"8 minutos\" \/>\n<script type=\"application\/ld+json\" class=\"yoast-schema-graph\">{\"@context\":\"https:\/\/schema.org\",\"@graph\":[{\"@type\":\"WebPage\",\"@id\":\"https:\/\/www.mxconsulting.pt\/es\/politica-de-privacidad\/\",\"url\":\"https:\/\/www.mxconsulting.pt\/es\/politica-de-privacidad\/\",\"name\":\"Pol\u00edtica de Privacidad - MX Consulting\",\"isPartOf\":{\"@id\":\"https:\/\/www.mxconsulting.pt\/es\/#website\"},\"primaryImageOfPage\":{\"@id\":\"https:\/\/www.mxconsulting.pt\/es\/politica-de-privacidad\/#primaryimage\"},\"image\":{\"@id\":\"https:\/\/www.mxconsulting.pt\/es\/politica-de-privacidad\/#primaryimage\"},\"thumbnailUrl\":\"https:\/\/www.mxconsulting.pt\/wp-content\/uploads\/plano-de-fundo-2.png\",\"datePublished\":\"2018-08-30T14:50:47+00:00\",\"dateModified\":\"2022-12-07T16:33:34+00:00\",\"breadcrumb\":{\"@id\":\"https:\/\/www.mxconsulting.pt\/es\/politica-de-privacidad\/#breadcrumb\"},\"inLanguage\":\"es\",\"potentialAction\":[{\"@type\":\"ReadAction\",\"target\":[\"https:\/\/www.mxconsulting.pt\/es\/politica-de-privacidad\/\"]}]},{\"@type\":\"ImageObject\",\"inLanguage\":\"es\",\"@id\":\"https:\/\/www.mxconsulting.pt\/es\/politica-de-privacidad\/#primaryimage\",\"url\":\"https:\/\/www.mxconsulting.pt\/wp-content\/uploads\/plano-de-fundo-2.png\",\"contentUrl\":\"https:\/\/www.mxconsulting.pt\/wp-content\/uploads\/plano-de-fundo-2.png\",\"width\":1800,\"height\":1200,\"caption\":\"https:\/\/www.mxconsulting.pt\/media\/2018\/08\/morbi-a-lectus-ec-purus\/\"},{\"@type\":\"BreadcrumbList\",\"@id\":\"https:\/\/www.mxconsulting.pt\/es\/politica-de-privacidad\/#breadcrumb\",\"itemListElement\":[{\"@type\":\"ListItem\",\"position\":1,\"name\":\"In\u00edcio\",\"item\":\"https:\/\/www.mxconsulting.pt\/es\/\"},{\"@type\":\"ListItem\",\"position\":2,\"name\":\"Pol\u00edtica de Privacidad\"}]},{\"@type\":\"WebSite\",\"@id\":\"https:\/\/www.mxconsulting.pt\/es\/#website\",\"url\":\"https:\/\/www.mxconsulting.pt\/es\/\",\"name\":\"MX Consulting\",\"description\":\"\",\"potentialAction\":[{\"@type\":\"SearchAction\",\"target\":{\"@type\":\"EntryPoint\",\"urlTemplate\":\"https:\/\/www.mxconsulting.pt\/es\/?s={search_term_string}\"},\"query-input\":{\"@type\":\"PropertyValueSpecification\",\"valueRequired\":true,\"valueName\":\"search_term_string\"}}],\"inLanguage\":\"es\"}]}<\/script>\n<!-- \/ Yoast SEO plugin. -->","yoast_head_json":{"title":"Pol\u00edtica de Privacidad - MX Consulting","robots":{"index":"index","follow":"follow","max-snippet":"max-snippet:-1","max-image-preview":"max-image-preview:large","max-video-preview":"max-video-preview:-1"},"canonical":"https:\/\/www.mxconsulting.pt\/es\/politica-de-privacidad\/","og_locale":"es_ES","og_type":"article","og_title":"Pol\u00edtica de Privacidad - MX Consulting","og_description":"MX Consulting garantiza que todos sus datos ser\u00e1n procesados \u200b\u200bde acuerdo con los est\u00e1ndares relevantes...","og_url":"https:\/\/www.mxconsulting.pt\/es\/politica-de-privacidad\/","og_site_name":"MX Consulting","article_modified_time":"2022-12-07T16:33:34+00:00","og_image":[{"width":900,"height":600,"url":"https:\/\/www.mxconsulting.pt\/wp-content\/uploads\/plano-de-fundo-2-900x600.png","type":"image\/png"}],"twitter_card":"summary_large_image","twitter_misc":{"Tiempo de lectura":"8 minutos"},"schema":{"@context":"https:\/\/schema.org","@graph":[{"@type":"WebPage","@id":"https:\/\/www.mxconsulting.pt\/es\/politica-de-privacidad\/","url":"https:\/\/www.mxconsulting.pt\/es\/politica-de-privacidad\/","name":"Pol\u00edtica de Privacidad - MX Consulting","isPartOf":{"@id":"https:\/\/www.mxconsulting.pt\/es\/#website"},"primaryImageOfPage":{"@id":"https:\/\/www.mxconsulting.pt\/es\/politica-de-privacidad\/#primaryimage"},"image":{"@id":"https:\/\/www.mxconsulting.pt\/es\/politica-de-privacidad\/#primaryimage"},"thumbnailUrl":"https:\/\/www.mxconsulting.pt\/wp-content\/uploads\/plano-de-fundo-2.png","datePublished":"2018-08-30T14:50:47+00:00","dateModified":"2022-12-07T16:33:34+00:00","breadcrumb":{"@id":"https:\/\/www.mxconsulting.pt\/es\/politica-de-privacidad\/#breadcrumb"},"inLanguage":"es","potentialAction":[{"@type":"ReadAction","target":["https:\/\/www.mxconsulting.pt\/es\/politica-de-privacidad\/"]}]},{"@type":"ImageObject","inLanguage":"es","@id":"https:\/\/www.mxconsulting.pt\/es\/politica-de-privacidad\/#primaryimage","url":"https:\/\/www.mxconsulting.pt\/wp-content\/uploads\/plano-de-fundo-2.png","contentUrl":"https:\/\/www.mxconsulting.pt\/wp-content\/uploads\/plano-de-fundo-2.png","width":1800,"height":1200,"caption":"https:\/\/www.mxconsulting.pt\/media\/2018\/08\/morbi-a-lectus-ec-purus\/"},{"@type":"BreadcrumbList","@id":"https:\/\/www.mxconsulting.pt\/es\/politica-de-privacidad\/#breadcrumb","itemListElement":[{"@type":"ListItem","position":1,"name":"In\u00edcio","item":"https:\/\/www.mxconsulting.pt\/es\/"},{"@type":"ListItem","position":2,"name":"Pol\u00edtica de Privacidad"}]},{"@type":"WebSite","@id":"https:\/\/www.mxconsulting.pt\/es\/#website","url":"https:\/\/www.mxconsulting.pt\/es\/","name":"MX Consulting","description":"","potentialAction":[{"@type":"SearchAction","target":{"@type":"EntryPoint","urlTemplate":"https:\/\/www.mxconsulting.pt\/es\/?s={search_term_string}"},"query-input":{"@type":"PropertyValueSpecification","valueRequired":true,"valueName":"search_term_string"}}],"inLanguage":"es"}]}},"_links":{"self":[{"href":"https:\/\/www.mxconsulting.pt\/es\/wp-json\/wp\/v2\/pages\/2825","targetHints":{"allow":["GET"]}}],"collection":[{"href":"https:\/\/www.mxconsulting.pt\/es\/wp-json\/wp\/v2\/pages"}],"about":[{"href":"https:\/\/www.mxconsulting.pt\/es\/wp-json\/wp\/v2\/types\/page"}],"author":[{"embeddable":true,"href":"https:\/\/www.mxconsulting.pt\/es\/wp-json\/wp\/v2\/users\/5"}],"replies":[{"embeddable":true,"href":"https:\/\/www.mxconsulting.pt\/es\/wp-json\/wp\/v2\/comments?post=2825"}],"version-history":[{"count":0,"href":"https:\/\/www.mxconsulting.pt\/es\/wp-json\/wp\/v2\/pages\/2825\/revisions"}],"wp:featuredmedia":[{"embeddable":true,"href":"https:\/\/www.mxconsulting.pt\/es\/wp-json\/wp\/v2\/media\/2230"}],"wp:attachment":[{"href":"https:\/\/www.mxconsulting.pt\/es\/wp-json\/wp\/v2\/media?parent=2825"}],"curies":[{"name":"wp","href":"https:\/\/api.w.org\/{rel}","templated":true}]}}